{"id":48176,"date":"2020-10-13T18:10:51","date_gmt":"2020-10-13T16:10:51","guid":{"rendered":"https:\/\/www.fondazioneluigieinaudi.it\/?page_id=48176"},"modified":"2022-05-26T13:44:49","modified_gmt":"2022-05-26T11:44:49","slug":"luca-tedesco","status":"publish","type":"page","link":"https:\/\/www.fondazioneluigieinaudi.it\/en\/bio\/luca-tedesco\/","title":{"rendered":"Luca Tedesco"},"content":{"rendered":"<p><img loading=\"lazy\" decoding=\"async\" class=\"alignleft size-medium wp-image-57690\" src=\"https:\/\/www.fondazioneluigieinaudi.it\/wp-content\/uploads\/2022\/05\/luca-tedesco-400x400.jpg\" alt=\"Luca Tedesco\" width=\"300\" height=\"300\" srcset=\"https:\/\/www.fondazioneluigieinaudi.it\/wp-content\/uploads\/2022\/05\/luca-tedesco-400x400.jpg 400w, https:\/\/www.fondazioneluigieinaudi.it\/wp-content\/uploads\/2022\/05\/luca-tedesco-250x250.jpg 250w, https:\/\/www.fondazioneluigieinaudi.it\/wp-content\/uploads\/2022\/05\/luca-tedesco-150x150.jpg 150w, https:\/\/www.fondazioneluigieinaudi.it\/wp-content\/uploads\/2022\/05\/luca-tedesco.jpg 500w\" sizes=\"auto, (max-width: 300px) 100vw, 300px\" \/><\/p>\n<p>From 2021 to date he is member of the PhD in Teoria e Ricerca Educativa e Sociale at the Roma Tre University;<\/p>\n<p>From 2019 to date he is member of the journal &#8220;Il Pensiero Storico&#8221;;<\/p>\n<p>From 2017 to date he is member of the Scientific Committee of the Centro di studi storici, politici e sociali \u201cGaetano Salvemini\u201d;<\/p>\n<p>From march 2015 to date he is Associate Professor in Contemporary History at the Roma Tre University;<\/p>\n<p>From 2014 to date he runs an editorial series named Ulteriori Divergenze;<\/p>\n<p>From 2013 to 2017 he was member of the PhD in Teoria e ricerca educativa e sociale at the Roma Tre University;<\/p>\n<p>In 2022 he was Erasmus professor presso at the VIVES University of Applied Sciences in Bruges;<\/p>\n<p>In 2013 he was Erasmus professor at the Interdisziplin\u00e4res Zentrum f\u00fcr Historische Anthropologie, Freie Universit\u00e4t Berlin;<\/p>\n<p>From 2012 to date he is fellow of the Bruno Leoni Institute in Turin (Italy), where he runs an editorial series named Liberismi italiani.<\/p>\n<p>He has published several essays on economic history and economic thought, including the following:<\/p>\n<p>La proposta antiprotezionista. I liberisti in Italia dalla crisi di fine Ottocento al fascismo (2021), Anthony James Gregor e la questione del Mussolini antistatalista dalla prima guerra mondiale alla linea \u2018liberista\u2019 di de\u2019 Stefani (2021), La crisi fin de si\u00e8cle. I liberisti italiani e il modello britannico (2019), Dal libero scambio all\u2019autarchia. Gino Borgatta e gli \u00abinteressi dell\u2019economia nazionale\u00bb (2016), Il canto del cigno del liberoscambismo: la Lega antiprotezionista e il suo primo convegno nazionale (2008) and L\u2019alternativa liberista. Crisi di fine secolo, antiprotezionismo e finanza democratica nei liberisti radicali (1898-1904) (2002).<\/p>\n","protected":false},"excerpt":{"rendered":"<p>From 2021 to date he is member of the PhD in Teoria e Ricerca Educativa e Sociale at the Roma Tre University; From 2019 to date he is member of the journal &#8220;Il Pensiero Storico&#8221;; From 2017 to date he is member of the Scientific Committee of the Centro di studi storici, politici e sociali [&hellip;]<\/p>\n","protected":false},"author":2,"featured_media":0,"parent":18930,"menu_order":0,"comment_status":"closed","ping_status":"closed","template":"","meta":{"footnotes":""},"class_list":["post-48176","page","type-page","status-publish","hentry"],"yoast_head":"<!-- This site is optimized with the Yoast SEO plugin v27.4 - https:\/\/yoast.com\/product\/yoast-seo-wordpress\/ -->\n<title>Luca Tedesco - Fondazione Luigi Einaudi<\/title>\n<meta name=\"robots\" content=\"index, follow, max-snippet:-1, max-image-preview:large, max-video-preview:-1\" \/>\n<link rel=\"canonical\" href=\"https:\/\/www.fondazioneluigieinaudi.it\/en\/bio\/luca-tedesco\/\" \/>\n<meta property=\"og:locale\" content=\"en_US\" \/>\n<meta property=\"og:type\" content=\"article\" \/>\n<meta property=\"og:title\" content=\"Luca Tedesco - Fondazione Luigi Einaudi\" \/>\n<meta property=\"og:description\" content=\"From 2021 to date he is member of the PhD in Teoria e Ricerca Educativa e Sociale at the Roma Tre University; From 2019 to date he is member of the journal &#8220;Il Pensiero Storico&#8221;; From 2017 to date he is member of the Scientific Committee of the Centro di studi storici, politici e sociali [&hellip;]\" \/>\n<meta property=\"og:url\" content=\"https:\/\/www.fondazioneluigieinaudi.it\/en\/bio\/luca-tedesco\/\" \/>\n<meta property=\"og:site_name\" content=\"Fondazione Luigi Einaudi\" \/>\n<meta property=\"article:publisher\" content=\"https:\/\/www.facebook.com\/fleinaudi\" \/>\n<meta property=\"article:modified_time\" content=\"2022-05-26T11:44:49+00:00\" \/>\n<meta property=\"og:image\" content=\"https:\/\/www.fondazioneluigieinaudi.it\/wp-content\/uploads\/2022\/05\/luca-tedesco.jpg\" \/>\n\t<meta property=\"og:image:width\" content=\"500\" \/>\n\t<meta property=\"og:image:height\" content=\"500\" \/>\n\t<meta property=\"og:image:type\" content=\"image\/jpeg\" \/>\n<meta name=\"twitter:card\" content=\"summary_large_image\" \/>\n<meta name=\"twitter:site\" content=\"@fleinaudi\" \/>\n<meta name=\"twitter:label1\" content=\"Est. reading time\" \/>\n\t<meta name=\"twitter:data1\" content=\"1 minute\" \/>\n<script type=\"application\/ld+json\" class=\"yoast-schema-graph\">{\"@context\":\"https:\\\/\\\/schema.org\",\"@graph\":[{\"@type\":\"WebPage\",\"@id\":\"https:\\\/\\\/www.fondazioneluigieinaudi.it\\\/en\\\/bio\\\/luca-tedesco\\\/\",\"url\":\"https:\\\/\\\/www.fondazioneluigieinaudi.it\\\/en\\\/bio\\\/luca-tedesco\\\/\",\"name\":\"Luca Tedesco - Fondazione Luigi Einaudi\",\"isPartOf\":{\"@id\":\"https:\\\/\\\/www.fondazioneluigieinaudi.it\\\/en\\\/#website\"},\"primaryImageOfPage\":{\"@id\":\"https:\\\/\\\/www.fondazioneluigieinaudi.it\\\/en\\\/bio\\\/luca-tedesco\\\/#primaryimage\"},\"image\":{\"@id\":\"https:\\\/\\\/www.fondazioneluigieinaudi.it\\\/en\\\/bio\\\/luca-tedesco\\\/#primaryimage\"},\"thumbnailUrl\":\"https:\\\/\\\/www.fondazioneluigieinaudi.it\\\/wp-content\\\/uploads\\\/2022\\\/05\\\/luca-tedesco-400x400.jpg\",\"datePublished\":\"2020-10-13T16:10:51+00:00\",\"dateModified\":\"2022-05-26T11:44:49+00:00\",\"breadcrumb\":{\"@id\":\"https:\\\/\\\/www.fondazioneluigieinaudi.it\\\/en\\\/bio\\\/luca-tedesco\\\/#breadcrumb\"},\"inLanguage\":\"en-US\",\"potentialAction\":[{\"@type\":\"ReadAction\",\"target\":[\"https:\\\/\\\/www.fondazioneluigieinaudi.it\\\/en\\\/bio\\\/luca-tedesco\\\/\"]}]},{\"@type\":\"ImageObject\",\"inLanguage\":\"en-US\",\"@id\":\"https:\\\/\\\/www.fondazioneluigieinaudi.it\\\/en\\\/bio\\\/luca-tedesco\\\/#primaryimage\",\"url\":\"https:\\\/\\\/www.fondazioneluigieinaudi.it\\\/wp-content\\\/uploads\\\/2022\\\/05\\\/luca-tedesco-400x400.jpg\",\"contentUrl\":\"https:\\\/\\\/www.fondazioneluigieinaudi.it\\\/wp-content\\\/uploads\\\/2022\\\/05\\\/luca-tedesco-400x400.jpg\"},{\"@type\":\"BreadcrumbList\",\"@id\":\"https:\\\/\\\/www.fondazioneluigieinaudi.it\\\/en\\\/bio\\\/luca-tedesco\\\/#breadcrumb\",\"itemListElement\":[{\"@type\":\"ListItem\",\"position\":1,\"name\":\"Home\",\"item\":\"https:\\\/\\\/www.fondazioneluigieinaudi.it\\\/en\\\/\"},{\"@type\":\"ListItem\",\"position\":2,\"name\":\"Bio\",\"item\":\"https:\\\/\\\/www.fondazioneluigieinaudi.it\\\/en\\\/bio\\\/\"},{\"@type\":\"ListItem\",\"position\":3,\"name\":\"Luca Tedesco\"}]},{\"@type\":\"WebSite\",\"@id\":\"https:\\\/\\\/www.fondazioneluigieinaudi.it\\\/en\\\/#website\",\"url\":\"https:\\\/\\\/www.fondazioneluigieinaudi.it\\\/en\\\/\",\"name\":\"Fondazione Luigi Einaudi ETS\",\"description\":\"Per Studi di Politica, Economia e Storia\",\"publisher\":{\"@id\":\"https:\\\/\\\/www.fondazioneluigieinaudi.it\\\/en\\\/#organization\"},\"potentialAction\":[{\"@type\":\"SearchAction\",\"target\":{\"@type\":\"EntryPoint\",\"urlTemplate\":\"https:\\\/\\\/www.fondazioneluigieinaudi.it\\\/en\\\/?s={search_term_string}\"},\"query-input\":{\"@type\":\"PropertyValueSpecification\",\"valueRequired\":true,\"valueName\":\"search_term_string\"}}],\"inLanguage\":\"en-US\"},{\"@type\":\"Organization\",\"@id\":\"https:\\\/\\\/www.fondazioneluigieinaudi.it\\\/en\\\/#organization\",\"name\":\"Fondazione Luigi Einaudi ETS\",\"url\":\"https:\\\/\\\/www.fondazioneluigieinaudi.it\\\/en\\\/\",\"logo\":{\"@type\":\"ImageObject\",\"inLanguage\":\"en-US\",\"@id\":\"https:\\\/\\\/www.fondazioneluigieinaudi.it\\\/en\\\/#\\\/schema\\\/logo\\\/image\\\/\",\"url\":\"https:\\\/\\\/www.fondazioneluigieinaudi.it\\\/wp-content\\\/uploads\\\/2022\\\/05\\\/logo-fondazione-luigi-einaudi-ets-bianco.png\",\"contentUrl\":\"https:\\\/\\\/www.fondazioneluigieinaudi.it\\\/wp-content\\\/uploads\\\/2022\\\/05\\\/logo-fondazione-luigi-einaudi-ets-bianco.png\",\"width\":2000,\"height\":1000,\"caption\":\"Fondazione Luigi Einaudi ETS\"},\"image\":{\"@id\":\"https:\\\/\\\/www.fondazioneluigieinaudi.it\\\/en\\\/#\\\/schema\\\/logo\\\/image\\\/\"},\"sameAs\":[\"https:\\\/\\\/www.facebook.com\\\/fleinaudi\",\"https:\\\/\\\/x.com\\\/fleinaudi\",\"https:\\\/\\\/www.instagram.com\\\/fleinaudi\",\"https:\\\/\\\/www.linkedin.com\\\/company\\\/fleinaudi\",\"https:\\\/\\\/www.youtube.com\\\/c\\\/fleinaudi\"]}]}<\/script>\n<!-- \/ Yoast SEO plugin. -->","yoast_head_json":{"title":"Luca Tedesco - Fondazione Luigi Einaudi","robots":{"index":"index","follow":"follow","max-snippet":"max-snippet:-1","max-image-preview":"max-image-preview:large","max-video-preview":"max-video-preview:-1"},"canonical":"https:\/\/www.fondazioneluigieinaudi.it\/en\/bio\/luca-tedesco\/","og_locale":"en_US","og_type":"article","og_title":"Luca Tedesco - Fondazione Luigi Einaudi","og_description":"From 2021 to date he is member of the PhD in Teoria e Ricerca Educativa e Sociale at the Roma Tre University; From 2019 to date he is member of the journal &#8220;Il Pensiero Storico&#8221;; From 2017 to date he is member of the Scientific Committee of the Centro di studi storici, politici e sociali [&hellip;]","og_url":"https:\/\/www.fondazioneluigieinaudi.it\/en\/bio\/luca-tedesco\/","og_site_name":"Fondazione Luigi Einaudi","article_publisher":"https:\/\/www.facebook.com\/fleinaudi","article_modified_time":"2022-05-26T11:44:49+00:00","og_image":[{"width":500,"height":500,"url":"https:\/\/www.fondazioneluigieinaudi.it\/wp-content\/uploads\/2022\/05\/luca-tedesco.jpg","type":"image\/jpeg"}],"twitter_card":"summary_large_image","twitter_site":"@fleinaudi","twitter_misc":{"Est. reading time":"1 minute"},"schema":{"@context":"https:\/\/schema.org","@graph":[{"@type":"WebPage","@id":"https:\/\/www.fondazioneluigieinaudi.it\/en\/bio\/luca-tedesco\/","url":"https:\/\/www.fondazioneluigieinaudi.it\/en\/bio\/luca-tedesco\/","name":"Luca Tedesco - Fondazione Luigi Einaudi","isPartOf":{"@id":"https:\/\/www.fondazioneluigieinaudi.it\/en\/#website"},"primaryImageOfPage":{"@id":"https:\/\/www.fondazioneluigieinaudi.it\/en\/bio\/luca-tedesco\/#primaryimage"},"image":{"@id":"https:\/\/www.fondazioneluigieinaudi.it\/en\/bio\/luca-tedesco\/#primaryimage"},"thumbnailUrl":"https:\/\/www.fondazioneluigieinaudi.it\/wp-content\/uploads\/2022\/05\/luca-tedesco-400x400.jpg","datePublished":"2020-10-13T16:10:51+00:00","dateModified":"2022-05-26T11:44:49+00:00","breadcrumb":{"@id":"https:\/\/www.fondazioneluigieinaudi.it\/en\/bio\/luca-tedesco\/#breadcrumb"},"inLanguage":"en-US","potentialAction":[{"@type":"ReadAction","target":["https:\/\/www.fondazioneluigieinaudi.it\/en\/bio\/luca-tedesco\/"]}]},{"@type":"ImageObject","inLanguage":"en-US","@id":"https:\/\/www.fondazioneluigieinaudi.it\/en\/bio\/luca-tedesco\/#primaryimage","url":"https:\/\/www.fondazioneluigieinaudi.it\/wp-content\/uploads\/2022\/05\/luca-tedesco-400x400.jpg","contentUrl":"https:\/\/www.fondazioneluigieinaudi.it\/wp-content\/uploads\/2022\/05\/luca-tedesco-400x400.jpg"},{"@type":"BreadcrumbList","@id":"https:\/\/www.fondazioneluigieinaudi.it\/en\/bio\/luca-tedesco\/#breadcrumb","itemListElement":[{"@type":"ListItem","position":1,"name":"Home","item":"https:\/\/www.fondazioneluigieinaudi.it\/en\/"},{"@type":"ListItem","position":2,"name":"Bio","item":"https:\/\/www.fondazioneluigieinaudi.it\/en\/bio\/"},{"@type":"ListItem","position":3,"name":"Luca Tedesco"}]},{"@type":"WebSite","@id":"https:\/\/www.fondazioneluigieinaudi.it\/en\/#website","url":"https:\/\/www.fondazioneluigieinaudi.it\/en\/","name":"Fondazione Luigi Einaudi ETS","description":"Per Studi di Politica, Economia e Storia","publisher":{"@id":"https:\/\/www.fondazioneluigieinaudi.it\/en\/#organization"},"potentialAction":[{"@type":"SearchAction","target":{"@type":"EntryPoint","urlTemplate":"https:\/\/www.fondazioneluigieinaudi.it\/en\/?s={search_term_string}"},"query-input":{"@type":"PropertyValueSpecification","valueRequired":true,"valueName":"search_term_string"}}],"inLanguage":"en-US"},{"@type":"Organization","@id":"https:\/\/www.fondazioneluigieinaudi.it\/en\/#organization","name":"Fondazione Luigi Einaudi ETS","url":"https:\/\/www.fondazioneluigieinaudi.it\/en\/","logo":{"@type":"ImageObject","inLanguage":"en-US","@id":"https:\/\/www.fondazioneluigieinaudi.it\/en\/#\/schema\/logo\/image\/","url":"https:\/\/www.fondazioneluigieinaudi.it\/wp-content\/uploads\/2022\/05\/logo-fondazione-luigi-einaudi-ets-bianco.png","contentUrl":"https:\/\/www.fondazioneluigieinaudi.it\/wp-content\/uploads\/2022\/05\/logo-fondazione-luigi-einaudi-ets-bianco.png","width":2000,"height":1000,"caption":"Fondazione Luigi Einaudi ETS"},"image":{"@id":"https:\/\/www.fondazioneluigieinaudi.it\/en\/#\/schema\/logo\/image\/"},"sameAs":["https:\/\/www.facebook.com\/fleinaudi","https:\/\/x.com\/fleinaudi","https:\/\/www.instagram.com\/fleinaudi","https:\/\/www.linkedin.com\/company\/fleinaudi","https:\/\/www.youtube.com\/c\/fleinaudi"]}]}},"_links":{"self":[{"href":"https:\/\/www.fondazioneluigieinaudi.it\/en\/wp-json\/wp\/v2\/pages\/48176","targetHints":{"allow":["GET"]}}],"collection":[{"href":"https:\/\/www.fondazioneluigieinaudi.it\/en\/wp-json\/wp\/v2\/pages"}],"about":[{"href":"https:\/\/www.fondazioneluigieinaudi.it\/en\/wp-json\/wp\/v2\/types\/page"}],"author":[{"embeddable":true,"href":"https:\/\/www.fondazioneluigieinaudi.it\/en\/wp-json\/wp\/v2\/users\/2"}],"replies":[{"embeddable":true,"href":"https:\/\/www.fondazioneluigieinaudi.it\/en\/wp-json\/wp\/v2\/comments?post=48176"}],"version-history":[{"count":2,"href":"https:\/\/www.fondazioneluigieinaudi.it\/en\/wp-json\/wp\/v2\/pages\/48176\/revisions"}],"predecessor-version":[{"id":57694,"href":"https:\/\/www.fondazioneluigieinaudi.it\/en\/wp-json\/wp\/v2\/pages\/48176\/revisions\/57694"}],"up":[{"embeddable":true,"href":"https:\/\/www.fondazioneluigieinaudi.it\/en\/wp-json\/wp\/v2\/pages\/18930"}],"wp:attachment":[{"href":"https:\/\/www.fondazioneluigieinaudi.it\/en\/wp-json\/wp\/v2\/media?parent=48176"}],"curies":[{"name":"wp","href":"https:\/\/api.w.org\/{rel}","templated":true}]}}